{"id":58,"date":"2019-06-29T13:13:04","date_gmt":"2019-06-29T11:13:04","guid":{"rendered":"http:\/\/desire.testserver-webdesigndoerrer.de\/?page_id=58"},"modified":"2026-04-28T17:06:55","modified_gmt":"2026-04-28T15:06:55","slug":"impressum","status":"publish","type":"page","link":"https:\/\/www.globaldesire.de\/de\/impressum\/","title":{"rendered":"Impressum"},"content":{"rendered":"\n<style type=\"text\/css\" data-created_by=\"avia_inline_auto\" id=\"style-css-av-jxnfh57s-e32aa9b123224c015121bf0ac0efdeb7\">\n.avia-section.av-jxnfh57s-e32aa9b123224c015121bf0ac0efdeb7 .av-parallax .av-parallax-inner{\nbackground-repeat:no-repeat;\nbackground-image:url(https:\/\/www.globaldesire.de\/wp-content\/uploads\/2019\/09\/Impressum-Header.jpg);\nbackground-position:50% 50%;\nbackground-attachment:scroll;\n}\n.avia-section.av-jxnfh57s-e32aa9b123224c015121bf0ac0efdeb7 .av-section-color-overlay{\nopacity:0.2;\nbackground-color:#000000;\n}\n<\/style>\n<div id='av_section_1'  class='avia-section av-jxnfh57s-e32aa9b123224c015121bf0ac0efdeb7 header_color avia-section-large avia-no-border-styling  avia-builder-el-0  el_before_av_section  avia-builder-el-first  avia-full-stretch av-parallax-section avia-bg-style-parallax av-section-color-overlay-active av-minimum-height av-minimum-height-60 av-height-percent  container_wrap fullsize'  data-section-bg-repeat='stretch' data-av_minimum_height_pc='60' data-av_min_height_opt='percent'><div class='av-parallax' data-avia-parallax-ratio='0.3' ><div class='av-parallax-inner header_color avia-full-stretch'><\/div><\/div><div class=\"av-section-color-overlay-wrap\"><div class=\"av-section-color-overlay\"><\/div><div class='container av-section-cont-open' ><main  role=\"main\" itemprop=\"mainContentOfPage\"  class='template-page content  av-content-full alpha units'><div class='post-entry post-entry-type-page post-entry-58'><div class='entry-content-wrapper clearfix'>\n\n<style type=\"text\/css\" data-created_by=\"avia_inline_auto\" id=\"style-css-av-jxnfi1vw-667407218c08ac8103c4b3988605660a\">\n.flex_column.av-jxnfi1vw-667407218c08ac8103c4b3988605660a{\nborder-width:4px;\nborder-color:#ffffff;\nborder-style:solid;\nborder-radius:0px 0px 0px 0px;\npadding:120px 120px 120px 120px;\n}\n<\/style>\n<div  id=\"headframe\"  class='flex_column av-jxnfi1vw-667407218c08ac8103c4b3988605660a av_one_full  avia-builder-el-1  avia-builder-el-no-sibling  first flex_column_div  '     ><style type=\"text\/css\" data-created_by=\"avia_inline_auto\" id=\"style-css-av-kbv4zh3l-a9037aebc8aac3888febda45e2c6a400\">\n#top .av-special-heading.av-kbv4zh3l-a9037aebc8aac3888febda45e2c6a400{\npadding-bottom:10px;\ncolor:#ffffff;\nfont-size:3.5vw;\n}\nbody .av-special-heading.av-kbv4zh3l-a9037aebc8aac3888febda45e2c6a400 .av-special-heading-tag .heading-char{\nfont-size:25px;\n}\n#top #wrap_all .av-special-heading.av-kbv4zh3l-a9037aebc8aac3888febda45e2c6a400 .av-special-heading-tag{\nfont-size:3.5vw;\n}\n.av-special-heading.av-kbv4zh3l-a9037aebc8aac3888febda45e2c6a400 .special-heading-inner-border{\nborder-color:#ffffff;\n}\n.av-special-heading.av-kbv4zh3l-a9037aebc8aac3888febda45e2c6a400 .av-subheading{\nfont-size:15px;\n}\n\n@media only screen and (min-width: 480px) and (max-width: 767px){ \n#top #wrap_all .av-special-heading.av-kbv4zh3l-a9037aebc8aac3888febda45e2c6a400 .av-special-heading-tag{\nfont-size:24px;\n}\n}\n\n@media only screen and (max-width: 479px){ \n#top #wrap_all .av-special-heading.av-kbv4zh3l-a9037aebc8aac3888febda45e2c6a400 .av-special-heading-tag{\nfont-size:24px;\n}\n}\n<\/style>\n<div  class='av-special-heading av-kbv4zh3l-a9037aebc8aac3888febda45e2c6a400 av-special-heading-h1 custom-color-heading blockquote modern-quote modern-centered  avia-builder-el-2  avia-builder-el-no-sibling  av-inherit-size av-linked-heading'><h1 class='av-special-heading-tag '  itemprop=\"headline\"  >IMPRESSUM<\/h1><div class=\"special-heading-border\"><div class=\"special-heading-inner-border\"><\/div><\/div><\/div><\/div>\n\n<\/div><\/div><\/main><!-- close content main element --><\/div><\/div><\/div><div id='av_section_2'  class='avia-section av-5kxo-830ddee44415a04faf7dc2eda6cd6da8 main_color avia-section-huge avia-no-border-styling  avia-builder-el-3  el_after_av_section  avia-builder-el-last  avia-bg-style-scroll container_wrap fullsize'  ><div class='container av-section-cont-open' ><div class='template-page content  av-content-full alpha units'><div class='post-entry post-entry-type-page post-entry-58'><div class='entry-content-wrapper clearfix'>\n\n<style type=\"text\/css\" data-created_by=\"avia_inline_auto\" id=\"style-css-av-1j6ma-967f685a1edb5e399e13e5d82514ccf8\">\n.flex_column.av-1j6ma-967f685a1edb5e399e13e5d82514ccf8{\nborder-radius:0px 0px 0px 0px;\npadding:0px 0px 0px 0px;\n}\n<\/style>\n<div  class='flex_column av-1j6ma-967f685a1edb5e399e13e5d82514ccf8 av_one_full  avia-builder-el-4  avia-builder-el-no-sibling  first flex_column_div av-zero-column-padding  '     ><section  class='av_textblock_section av-k0xk0mj8-a4ce76ba044ee14898805f8463e4b249 '   itemscope=\"itemscope\" itemtype=\"https:\/\/schema.org\/CreativeWork\" ><div class='avia_textblock'  itemprop=\"text\" ><h3>ANSCHRIFT<\/h3>\n<p>global desire. GmbH<br \/>\nEVENTMANUFAKTUR<br \/>\nBruno-Dre\u00dfler-Str. 9b<br \/>\nTor 5<br \/>\n63477 Maintal (bei Frankfurt am Main)<br \/>\nDeutschland<\/p>\n<p>Phone: +49 69 6605577-30<br \/>\nMail: hello@globaldesire.de<br \/>\nWeb: www.globaldesire.de<\/p>\n<p>Gesch\u00e4ftsfu\u0308hrerin: Jessica Kunz<br \/>\nEingetragen beim Amtsgericht Frankfurt am Main, HRB 115520<br \/>\nUSt-IdNr.: DE 324 039 928<\/p>\n<h3>LAGERADRESSE (Besichtigung und Selbstabholung nach Vereinbarung)<\/h3>\n<p>Bruno-Dre\u00dfler-Stra\u00dfe 9b<br \/>\nTor 5 <br class=\"avia-permanent-lb\" \/>63477 Maintal-Bischofsheim <br class=\"avia-permanent-lb\" \/>Deutschland<\/p>\n<h3>VERANTWORTLICH fu\u0308r den Inhalt nach \u00a755 Abs. 2 RStV<\/h3>\n<p>global desire. GmbH<br \/>\nBruno-Dre\u00dfler-Str. 9b<br \/>\n63477 Maintal<br \/>\nDeutschland<\/p>\n<h3>HAFTUNGSHINWEIS<\/h3>\n<p>Trotz sorgf\u00e4ltiger inhaltlicher Kontrolle \u00fcbernehmen wir keine Haftung f\u00fcr die Inhalte externer Links. F\u00fcr den Inhalt der verlinkten Seiten sind ausschlie\u00dflich deren Betreiber verantwortlich.<\/p>\n<h3>SONSTIGES<\/h3>\n<p>Wir weisen darauf hin, dass die Daten\u00fcbertragung im Internet (z. B. bei der Kommunikation per E-Mail) Sicherheitsl\u00fccken aufweisen kann. Ein l\u00fcckenloser Schutz der Daten vor dem Zugriff durch Dritte ist nicht m\u00f6glich. Der Nutzung von im Rahmen der Impressumspflicht ver\u00f6ffentlichten Kontaktdaten durch Dritte zur \u00dcbersendung von nicht ausdr\u00fccklich angeforderter Werbung und Informationsmaterialien wird hiermit ausdr\u00fccklich widersprochen. Die Betreiber der Seiten behalten sich ausdr\u00fccklich rechtliche Schritte im Falle der unverlangten Zusendung von Werbeinformationen, etwa durch Spam-Mails, vor.<\/p>\n<\/div><\/section><br \/>\n<section  class='av_textblock_section av-k0xk36lh-5f4ab910cc2d420082ae8ae862a3f5fb '   itemscope=\"itemscope\" itemtype=\"https:\/\/schema.org\/CreativeWork\" ><div class='avia_textblock'  itemprop=\"text\" ><h2><\/h2>\n<h2><\/h2>\n<h3 class=\"p1\"><strong><span style=\"color: #009999;\">HAFTUNGSAUSSCHLUSS (DISCLAIMER)<\/span><\/strong><\/h3>\n<p><span style=\"color: #009999;\">HAFTUNG F\u00dcR INHALTE<\/span><br \/>\nDie Inhalte unserer Seiten wurden mit gr\u00f6\u00dfter Sorgfalt erstellt. Fu\u0308r die Richtigkeit, Vollst\u00e4ndigkeit und Aktualit\u00e4t der Inhalte k\u00f6nnen wir jedoch keine Gew\u00e4hr u\u0308bernehmen. Als Dienstanbieter sind wir gem\u00e4\u00df \u00a77 Abs.1 TMG fu\u0308r eigene Inhalte auf diesen Seiten nach den allgemeinen Gesetzen verantwortlich. Nach \u00a7\u00a78 bis 10 TMG sind wir als Dienstanbieter jedoch nicht verpflichtet, u\u0308bermittelte oder gespeicherte fremde Informationen zu u\u0308berwachen oder nach Umst\u00e4nden zu forschen, die auf eine rechtswidrige T\u00e4tigkeit hinweisen. Verpflichtungen zur Entfernung oder Sperrung der Nutzung von Informationen nach den allgemeinen Gesetzen bleiben hiervon unberu\u0308hrt. Eine diesbezu\u0308gliche Haftung ist jedoch erst ab dem Zeitpunkt der Kenntnis einer konkreten Rechtsverletzung m\u00f6glich. Bei Bekanntwerden von entsprechenden Rechtsverletzungen werden wir diese Inhalte umgehend entfernen.<\/p>\n<p><span style=\"color: #009999;\">HAFTUNG F\u00dcR LINKS<\/span><br \/>\nUnser Angebot enth\u00e4lt Links zu externen Webseiten Dritter, auf deren Inhalte wir keinen Einfluss haben. Deshalb k\u00f6nnen wir fu\u0308r diese fremden Inhalte auch keine Gew\u00e4hr u\u0308bernehmen. Fu\u0308r die Inhalte der verlinkten Seiten ist stets der jeweilige Anbieter od er Betreiber der Seiten verantwortlich. Die verlinkten Seiten wurden zum Zeitpunkt der Verlinkung auf m\u00f6gliche Rechtsverst\u00f6\u00dfe u\u0308berpru\u0308ft. Rechtswidrige Inhalte waren zum Zeitpunkt der Verlinkung nicht erkennbar. Eine permanente inhaltliche Kontrolle der verlinkten Seiten ist jedoch ohne konkrete Anhaltspunkte einer Rechtsverletzung nicht zumutbar. Bei Bekanntwerden von Rechtsverletzungen werden wir derartige Links umgehend entfernen.<\/p>\n<p><span style=\"color: #009999;\">URHEBERRECHT<\/span><br \/>\nDie durch die Seitenbetreiber erstellten Inhalte und Werke auf diesen Seiten unterliegen dem deutschen Urheberrecht. Die Vervielf\u00e4ltigung, Bearbeitung, Verbreitung und jede Art der Verwertung au\u00dferhalb der Grenzen des Urheberrechtes bedu\u0308rfen der schriftlichen Zustimmung des jeweiligen Autors bzw. Erstellers. Downloads und Kopien dieser Seite sind nur fu\u0308r den privat en, nicht kommerziellen Gebrauch gestattet. Soweit die Inhalte auf dieser Seite nicht vom Betreiber erstellt wurden, werden die Urheberrechte Dritter beachtet. Insbesondere werden Inhalte Dritter als solche gekennzeichnet. Sollten Sie trotzdem auf eine Urheberrechtsverletzung aufmerksam werden, bitten wir um einen entsprechenden Hinweis. Bei Bekanntwerden von Rechtsverletzungen werden wir derartige Inhalte umgehend entfernen.<\/p>\n<p><span style=\"color: #009999;\">URHEBERRECHTSVERMERK WEBSITEFOTOS<\/span><br \/>\nGem\u00e4\u00df den allgemeinen Bestimmungen muss der Urheberrechtsvermerk nicht am Foto angebracht werden, wenn er nach geltendem Recht fu\u0308r die Nutzung des Werks in einer bestimmten Situation nicht erforderlich ist UND wenn die Anbringung des Urheberrechtsvermerks in der speziellen Situation nicht u\u0308blich ist. Einige Bilder auf dieser Webseite stammen aus der Bilddatenbank www.unsplash.com. Sie sind frei verfu\u0308gbar und bedu\u0308rfen keinem gesonderten Urheberrechtsvermerk. Weiterhin werden lizenzierte Bilder der Bilddatenbank www.shutterstock.com verwendet. Alle Lizenzen sind erworben.<\/p>\n<p>Bildnachweise:<br \/>\nPhotographee.eu \/ shutterstock.com<br \/>\nMarinegirl \/ shutterstock.com<br \/>\nTomas Simkus \/ shutterstock.com<br \/>\nDi Soccio Massimo \/ shutterstock.com<br \/>\nArina P Habich \/ shutterstock.com<br \/>\nPixelshot \/ shutterstock.com<br \/>\nConway_Photography \/ shutterstock.com<br \/>\nAfrica Studio \/ shutterstock.com<br \/>\nVonaUA \/ shutterstock.com<br \/>\nweddingvideothailand \/ shutterstock.com<br \/>\nYarkovoy \/ shutterstock.com<br \/>\nmambographer \/ shutterstock.com<br \/>\nIMG Stock Studio \/ shutterstock.com<\/p>\n<h3>Webdesign &#038; Programmierung durch:<\/h3>\n<p><img decoding=\"async\" src=\"https:\/\/www.webdesign-doerrer.de\/wp-content\/uploads\/2025\/01\/Email-signature.svg\" alt=\"Email Signature\" width=\"260\" \/><\/p>\n<p>Webdesign Doerrer<br \/>\n<a title=\"Webdesign Doerrer\" href=\"https:\/\/www.webdesign-doerrer.de\" target=\"_blank\" rel=\"noopener\">www.webdesign-doerrer.de<\/a><\/p>\n<\/div><\/section><\/p><\/div>\n","protected":false},"excerpt":{"rendered":"","protected":false},"author":1,"featured_media":0,"parent":0,"menu_order":0,"comment_status":"closed","ping_status":"closed","template":"","meta":{"_joinchat":[],"footnotes":""},"class_list":["post-58","page","type-page","status-publish","hentry"],"yoast_head":"<!-- This site is optimized with the Yoast SEO plugin v24.9 - https:\/\/yoast.com\/wordpress\/plugins\/seo\/ -->\n<title>Impressum | global desire. EVENTMANUFAKTUR<\/title>\n<meta name=\"description\" content=\"Rechnungsadresse: global desire. GmbH \u2022 Salzschlirfer Str. 4 \u2022 60386 Frankfurt am Main \u2022 USt-IdNr.: DE324039928 \u2022 Amtsgericht Frankfurt: HRB 115520 \u2022 Gesch\u00e4ftsf\u00fchrerin: Jessica Wodarz\" \/>\n<meta name=\"robots\" content=\"index, follow, max-snippet:-1, max-image-preview:large, max-video-preview:-1\" \/>\n<link rel=\"canonical\" href=\"https:\/\/www.globaldesire.de\/de\/impressum\/\" \/>\n<meta property=\"og:locale\" content=\"de_DE\" \/>\n<meta property=\"og:type\" content=\"article\" \/>\n<meta property=\"og:title\" content=\"Impressum | global desire. EVENTMANUFAKTUR\" \/>\n<meta property=\"og:description\" content=\"Rechnungsadresse: global desire. GmbH \u2022 Salzschlirfer Str. 4 \u2022 60386 Frankfurt am Main \u2022 USt-IdNr.: DE324039928 \u2022 Amtsgericht Frankfurt: HRB 115520 \u2022 Gesch\u00e4ftsf\u00fchrerin: Jessica Wodarz\" \/>\n<meta property=\"og:url\" content=\"https:\/\/www.globaldesire.de\/de\/impressum\/\" \/>\n<meta property=\"og:site_name\" content=\"global desire. EVENTMANUFAKTUR\" \/>\n<meta property=\"article:modified_time\" content=\"2026-04-28T15:06:55+00:00\" \/>\n<meta property=\"og:image\" content=\"https:\/\/www.webdesign-doerrer.de\/wp-content\/uploads\/2025\/01\/Email-signature.svg\" \/>\n<meta name=\"twitter:card\" content=\"summary_large_image\" \/>\n<meta name=\"twitter:label1\" content=\"Gesch\u00e4tzte Lesezeit\" \/>\n\t<meta name=\"twitter:data1\" content=\"4\u00a0Minuten\" \/>\n<script type=\"application\/ld+json\" class=\"yoast-schema-graph\">{\"@context\":\"https:\/\/schema.org\",\"@graph\":[{\"@type\":\"WebPage\",\"@id\":\"https:\/\/www.globaldesire.de\/de\/impressum\/\",\"url\":\"https:\/\/www.globaldesire.de\/de\/impressum\/\",\"name\":\"Impressum | global desire. EVENTMANUFAKTUR\",\"isPartOf\":{\"@id\":\"https:\/\/www.globaldesire.de\/de\/#website\"},\"primaryImageOfPage\":{\"@id\":\"https:\/\/www.globaldesire.de\/de\/impressum\/#primaryimage\"},\"image\":{\"@id\":\"https:\/\/www.globaldesire.de\/de\/impressum\/#primaryimage\"},\"thumbnailUrl\":\"https:\/\/www.webdesign-doerrer.de\/wp-content\/uploads\/2025\/01\/Email-signature.svg\",\"datePublished\":\"2019-06-29T11:13:04+00:00\",\"dateModified\":\"2026-04-28T15:06:55+00:00\",\"description\":\"Rechnungsadresse: global desire. GmbH \u2022 Salzschlirfer Str. 4 \u2022 60386 Frankfurt am Main \u2022 USt-IdNr.: DE324039928 \u2022 Amtsgericht Frankfurt: HRB 115520 \u2022 Gesch\u00e4ftsf\u00fchrerin: Jessica Wodarz\",\"breadcrumb\":{\"@id\":\"https:\/\/www.globaldesire.de\/de\/impressum\/#breadcrumb\"},\"inLanguage\":\"de\",\"potentialAction\":[{\"@type\":\"ReadAction\",\"target\":[\"https:\/\/www.globaldesire.de\/de\/impressum\/\"]}]},{\"@type\":\"ImageObject\",\"inLanguage\":\"de\",\"@id\":\"https:\/\/www.globaldesire.de\/de\/impressum\/#primaryimage\",\"url\":\"https:\/\/www.webdesign-doerrer.de\/wp-content\/uploads\/2025\/01\/Email-signature.svg\",\"contentUrl\":\"https:\/\/www.webdesign-doerrer.de\/wp-content\/uploads\/2025\/01\/Email-signature.svg\"},{\"@type\":\"BreadcrumbList\",\"@id\":\"https:\/\/www.globaldesire.de\/de\/impressum\/#breadcrumb\",\"itemListElement\":[{\"@type\":\"ListItem\",\"position\":1,\"name\":\"Startseite\",\"item\":\"https:\/\/www.globaldesire.de\/de\/\"},{\"@type\":\"ListItem\",\"position\":2,\"name\":\"Impressum\"}]},{\"@type\":\"WebSite\",\"@id\":\"https:\/\/www.globaldesire.de\/de\/#website\",\"url\":\"https:\/\/www.globaldesire.de\/de\/\",\"name\":\"global desire. EVENTMANUFAKTUR\",\"description\":\"global desire. EVENTMANUFAKTUR\",\"potentialAction\":[{\"@type\":\"SearchAction\",\"target\":{\"@type\":\"EntryPoint\",\"urlTemplate\":\"https:\/\/www.globaldesire.de\/de\/?s={search_term_string}\"},\"query-input\":{\"@type\":\"PropertyValueSpecification\",\"valueRequired\":true,\"valueName\":\"search_term_string\"}}],\"inLanguage\":\"de\"}]}<\/script>\n<!-- \/ Yoast SEO plugin. -->","yoast_head_json":{"title":"Impressum | global desire. EVENTMANUFAKTUR","description":"Rechnungsadresse: global desire. GmbH \u2022 Salzschlirfer Str. 4 \u2022 60386 Frankfurt am Main \u2022 USt-IdNr.: DE324039928 \u2022 Amtsgericht Frankfurt: HRB 115520 \u2022 Gesch\u00e4ftsf\u00fchrerin: Jessica Wodarz","robots":{"index":"index","follow":"follow","max-snippet":"max-snippet:-1","max-image-preview":"max-image-preview:large","max-video-preview":"max-video-preview:-1"},"canonical":"https:\/\/www.globaldesire.de\/de\/impressum\/","og_locale":"de_DE","og_type":"article","og_title":"Impressum | global desire. EVENTMANUFAKTUR","og_description":"Rechnungsadresse: global desire. GmbH \u2022 Salzschlirfer Str. 4 \u2022 60386 Frankfurt am Main \u2022 USt-IdNr.: DE324039928 \u2022 Amtsgericht Frankfurt: HRB 115520 \u2022 Gesch\u00e4ftsf\u00fchrerin: Jessica Wodarz","og_url":"https:\/\/www.globaldesire.de\/de\/impressum\/","og_site_name":"global desire. EVENTMANUFAKTUR","article_modified_time":"2026-04-28T15:06:55+00:00","og_image":[{"url":"https:\/\/www.webdesign-doerrer.de\/wp-content\/uploads\/2025\/01\/Email-signature.svg","type":"","width":"","height":""}],"twitter_card":"summary_large_image","twitter_misc":{"Gesch\u00e4tzte Lesezeit":"4\u00a0Minuten"},"schema":{"@context":"https:\/\/schema.org","@graph":[{"@type":"WebPage","@id":"https:\/\/www.globaldesire.de\/de\/impressum\/","url":"https:\/\/www.globaldesire.de\/de\/impressum\/","name":"Impressum | global desire. EVENTMANUFAKTUR","isPartOf":{"@id":"https:\/\/www.globaldesire.de\/de\/#website"},"primaryImageOfPage":{"@id":"https:\/\/www.globaldesire.de\/de\/impressum\/#primaryimage"},"image":{"@id":"https:\/\/www.globaldesire.de\/de\/impressum\/#primaryimage"},"thumbnailUrl":"https:\/\/www.webdesign-doerrer.de\/wp-content\/uploads\/2025\/01\/Email-signature.svg","datePublished":"2019-06-29T11:13:04+00:00","dateModified":"2026-04-28T15:06:55+00:00","description":"Rechnungsadresse: global desire. GmbH \u2022 Salzschlirfer Str. 4 \u2022 60386 Frankfurt am Main \u2022 USt-IdNr.: DE324039928 \u2022 Amtsgericht Frankfurt: HRB 115520 \u2022 Gesch\u00e4ftsf\u00fchrerin: Jessica Wodarz","breadcrumb":{"@id":"https:\/\/www.globaldesire.de\/de\/impressum\/#breadcrumb"},"inLanguage":"de","potentialAction":[{"@type":"ReadAction","target":["https:\/\/www.globaldesire.de\/de\/impressum\/"]}]},{"@type":"ImageObject","inLanguage":"de","@id":"https:\/\/www.globaldesire.de\/de\/impressum\/#primaryimage","url":"https:\/\/www.webdesign-doerrer.de\/wp-content\/uploads\/2025\/01\/Email-signature.svg","contentUrl":"https:\/\/www.webdesign-doerrer.de\/wp-content\/uploads\/2025\/01\/Email-signature.svg"},{"@type":"BreadcrumbList","@id":"https:\/\/www.globaldesire.de\/de\/impressum\/#breadcrumb","itemListElement":[{"@type":"ListItem","position":1,"name":"Startseite","item":"https:\/\/www.globaldesire.de\/de\/"},{"@type":"ListItem","position":2,"name":"Impressum"}]},{"@type":"WebSite","@id":"https:\/\/www.globaldesire.de\/de\/#website","url":"https:\/\/www.globaldesire.de\/de\/","name":"global desire. EVENTMANUFAKTUR","description":"global desire. EVENTMANUFAKTUR","potentialAction":[{"@type":"SearchAction","target":{"@type":"EntryPoint","urlTemplate":"https:\/\/www.globaldesire.de\/de\/?s={search_term_string}"},"query-input":{"@type":"PropertyValueSpecification","valueRequired":true,"valueName":"search_term_string"}}],"inLanguage":"de"}]}},"_links":{"self":[{"href":"https:\/\/www.globaldesire.de\/de\/wp-json\/wp\/v2\/pages\/58","targetHints":{"allow":["GET"]}}],"collection":[{"href":"https:\/\/www.globaldesire.de\/de\/wp-json\/wp\/v2\/pages"}],"about":[{"href":"https:\/\/www.globaldesire.de\/de\/wp-json\/wp\/v2\/types\/page"}],"author":[{"embeddable":true,"href":"https:\/\/www.globaldesire.de\/de\/wp-json\/wp\/v2\/users\/1"}],"replies":[{"embeddable":true,"href":"https:\/\/www.globaldesire.de\/de\/wp-json\/wp\/v2\/comments?post=58"}],"version-history":[{"count":18,"href":"https:\/\/www.globaldesire.de\/de\/wp-json\/wp\/v2\/pages\/58\/revisions"}],"predecessor-version":[{"id":4724,"href":"https:\/\/www.globaldesire.de\/de\/wp-json\/wp\/v2\/pages\/58\/revisions\/4724"}],"wp:attachment":[{"href":"https:\/\/www.globaldesire.de\/de\/wp-json\/wp\/v2\/media?parent=58"}],"curies":[{"name":"wp","href":"https:\/\/api.w.org\/{rel}","templated":true}]}}