{"id":26,"date":"2019-06-29T10:44:25","date_gmt":"2019-06-29T08:44:25","guid":{"rendered":"http:\/\/desire.testserver-webdesigndoerrer.de\/?page_id=26"},"modified":"2023-09-19T18:12:03","modified_gmt":"2023-09-19T16:12:03","slug":"kontakt","status":"publish","type":"page","link":"https:\/\/www.globaldesire.de\/de\/kontakt\/","title":{"rendered":"Kontakt"},"content":{"rendered":"\n<style type=\"text\/css\" data-created_by=\"avia_inline_auto\" id=\"style-css-av-jxnfh57s-55719c29dadd8eaff973f15a90a11774\">\n.avia-section.av-jxnfh57s-55719c29dadd8eaff973f15a90a11774{\nbackground-repeat:no-repeat;\nbackground-image:url(https:\/\/www.globaldesire.de\/wp-content\/uploads\/2019\/09\/Kontakt-Header.jpg);\nbackground-position:50% 50%;\nbackground-attachment:scroll;\n}\n.avia-section.av-jxnfh57s-55719c29dadd8eaff973f15a90a11774 .av-section-color-overlay{\nopacity:0.3;\nbackground-color:#000000;\n}\n<\/style>\n<div id='av_section_1'  class='avia-section av-jxnfh57s-55719c29dadd8eaff973f15a90a11774 header_color avia-section-default avia-no-border-styling  avia-builder-el-0  el_before_av_section  avia-builder-el-first  avia-full-stretch avia-bg-style-scroll av-section-color-overlay-active av-minimum-height av-minimum-height-70 av-height-percent  container_wrap fullsize'  data-section-bg-repeat='stretch' data-av_minimum_height_pc='70' data-av_min_height_opt='percent'><div class=\"av-section-color-overlay-wrap\"><div class=\"av-section-color-overlay\"><\/div><div class='container av-section-cont-open' ><main  role=\"main\" itemprop=\"mainContentOfPage\"  class='template-page content  av-content-full alpha units'><div class='post-entry post-entry-type-page post-entry-26'><div class='entry-content-wrapper clearfix'>\n\n<style type=\"text\/css\" data-created_by=\"avia_inline_auto\" id=\"style-css-av-jxnfi1vw-661e6bc162fd169a9d05bf6c0080941a\">\n.flex_column.av-jxnfi1vw-661e6bc162fd169a9d05bf6c0080941a{\nborder-width:4px;\nborder-color:#ffffff;\nborder-style:solid;\nborder-radius:0px 0px 0px 0px;\npadding:120px 120px 120px 120px;\n}\n<\/style>\n<div  id=\"headframe\"  class='flex_column av-jxnfi1vw-661e6bc162fd169a9d05bf6c0080941a av_one_full  avia-builder-el-1  avia-builder-el-no-sibling  first flex_column_div  '     ><style type=\"text\/css\" data-created_by=\"avia_inline_auto\" id=\"style-css-av-kbumf1qm-506f870cb0f24f931de6014e3010aa2c\">\n#top .av-special-heading.av-kbumf1qm-506f870cb0f24f931de6014e3010aa2c{\npadding-bottom:0;\ncolor:#ffffff;\nfont-size:3.5vw;\n}\nbody .av-special-heading.av-kbumf1qm-506f870cb0f24f931de6014e3010aa2c .av-special-heading-tag .heading-char{\nfont-size:25px;\n}\n#top #wrap_all .av-special-heading.av-kbumf1qm-506f870cb0f24f931de6014e3010aa2c .av-special-heading-tag{\nfont-size:3.5vw;\n}\n.av-special-heading.av-kbumf1qm-506f870cb0f24f931de6014e3010aa2c .special-heading-inner-border{\nborder-color:#ffffff;\n}\n.av-special-heading.av-kbumf1qm-506f870cb0f24f931de6014e3010aa2c .av-subheading{\nfont-size:15px;\n}\n\n@media only screen and (min-width: 480px) and (max-width: 767px){ \n#top #wrap_all .av-special-heading.av-kbumf1qm-506f870cb0f24f931de6014e3010aa2c .av-special-heading-tag{\nfont-size:30px;\n}\n}\n\n@media only screen and (max-width: 479px){ \n#top #wrap_all .av-special-heading.av-kbumf1qm-506f870cb0f24f931de6014e3010aa2c .av-special-heading-tag{\nfont-size:30px;\n}\n}\n<\/style>\n<div  class='av-special-heading av-kbumf1qm-506f870cb0f24f931de6014e3010aa2c av-special-heading-h1 custom-color-heading blockquote modern-quote modern-centered  avia-builder-el-2  avia-builder-el-no-sibling  av-inherit-size av-linked-heading'><h1 class='av-special-heading-tag '  itemprop=\"headline\"  >KONTAKT<\/h1><div class=\"special-heading-border\"><div class=\"special-heading-inner-border\"><\/div><\/div><\/div><\/div>\n\n<\/div><\/div><\/main><!-- close content main element --><\/div><\/div><\/div><div id='av_section_2'  class='avia-section av-5aiw6-53eafa194a5463e0b1ab498fe4e22f14 main_color avia-section-default avia-no-border-styling  avia-builder-el-3  el_after_av_section  avia-builder-el-last  avia-bg-style-scroll container_wrap fullsize'  ><div class='container av-section-cont-open' ><div class='template-page content  av-content-full alpha units'><div class='post-entry post-entry-type-page post-entry-26'><div class='entry-content-wrapper clearfix'>\n\n<style type=\"text\/css\" data-created_by=\"avia_inline_auto\" id=\"style-css-av-g3yi-8e99fc199d47d90d07294067ee98f64a\">\n.flex_column.av-g3yi-8e99fc199d47d90d07294067ee98f64a{\nborder-radius:0px 0px 0px 0px;\npadding:0px 0px 0px 0px;\n}\n<\/style>\n<div  class='flex_column av-g3yi-8e99fc199d47d90d07294067ee98f64a av_one_full  avia-builder-el-4  el_before_av_one_fourth  avia-builder-el-first  first flex_column_div av-zero-column-padding  '     ><p>\n<style type=\"text\/css\" data-created_by=\"avia_inline_auto\" id=\"style-css-av-2ffa-905fe0b92310907317952d63f451c96a\">\n#top .hr.av-2ffa-905fe0b92310907317952d63f451c96a{\nmargin-top:30px;\nmargin-bottom:20px;\n}\n.hr.av-2ffa-905fe0b92310907317952d63f451c96a .hr-inner{\nwidth:300px;\nborder-color:#059697;\n}\n<\/style>\n<div  class='hr av-2ffa-905fe0b92310907317952d63f451c96a hr-custom  avia-builder-el-5  el_before_av_heading  avia-builder-el-first  hr-center hr-icon-no'><span class='hr-inner inner-border-av-border-thin'><span class=\"hr-inner-style\"><\/span><\/span><\/div><br \/>\n\n<style type=\"text\/css\" data-created_by=\"avia_inline_auto\" id=\"style-css-av-rayu-92199af57a0c6662ce9481a30e400351\">\n#top .av-special-heading.av-rayu-92199af57a0c6662ce9481a30e400351{\npadding-bottom:10px;\n}\nbody .av-special-heading.av-rayu-92199af57a0c6662ce9481a30e400351 .av-special-heading-tag .heading-char{\nfont-size:25px;\n}\n.av-special-heading.av-rayu-92199af57a0c6662ce9481a30e400351 .av-subheading{\nfont-size:15px;\n}\n\n@media only screen and (min-width: 480px) and (max-width: 767px){ \n#top #wrap_all .av-special-heading.av-rayu-92199af57a0c6662ce9481a30e400351 .av-special-heading-tag{\nfont-size:30px;\n}\n}\n\n@media only screen and (max-width: 479px){ \n#top #wrap_all .av-special-heading.av-rayu-92199af57a0c6662ce9481a30e400351 .av-special-heading-tag{\nfont-size:30px;\n}\n}\n<\/style>\n<div  class='av-special-heading av-rayu-92199af57a0c6662ce9481a30e400351 av-special-heading-h2 blockquote modern-quote modern-centered  avia-builder-el-6  el_after_av_hr  el_before_av_textblock  av-thin-font'><h2 class='av-special-heading-tag '  itemprop=\"headline\"  >IHR <strong>KONTAKT<\/strong> ZU UNS.<\/h2><div class=\"special-heading-border\"><div class=\"special-heading-inner-border\"><\/div><\/div><\/div><br \/>\n<section  class='av_textblock_section av-k0xiwbn6-6b6ca19083543d2d55706f6ecf4be445 '   itemscope=\"itemscope\" itemtype=\"https:\/\/schema.org\/CreativeWork\" ><div class='avia_textblock'  itemprop=\"text\" ><p style=\"text-align: center;\">Die kreativen K\u00f6pfe der global desire. EVENTMANUFAKTUR sitzt im Osten Frankfurt am Mains. Die N\u00e4he zur Autobahn, eine gute Anbindung mit \u00f6ffentlichen Verkehrsmitteln sowie ein gro\u00dfes Angebot schmackhafter Restaurants in der Umgebung, bieten Ihnen die perfekte Ausgangslage, um uns zu besuchen.<\/p>\n<p style=\"text-align: center;\">Und hier finden Sie uns:<\/p>\n<\/div><\/section><\/p><\/div>\n<style type=\"text\/css\" data-created_by=\"avia_inline_auto\" id=\"style-css-av-2i52y-e15a1ebb24d792e2bd78f5931066a1df\">\n.flex_column.av-2i52y-e15a1ebb24d792e2bd78f5931066a1df{\nborder-radius:0px 0px 0px 0px;\npadding:0px 0px 0px 0px;\n}\n<\/style>\n<div  class='flex_column av-2i52y-e15a1ebb24d792e2bd78f5931066a1df av_one_fourth  avia-builder-el-8  el_after_av_one_full  el_before_av_one_fourth  first flex_column_div av-zero-column-padding  column-top-margin'     ><p>\n<style type=\"text\/css\" data-created_by=\"avia_inline_auto\" id=\"style-css-av-k1v2su41-eda9d6bb7d64c59f0b80a94f94ea2fa5\">\n.avia-image-container.av-k1v2su41-eda9d6bb7d64c59f0b80a94f94ea2fa5 img.avia_image{\nbox-shadow:none;\n}\n.avia-image-container.av-k1v2su41-eda9d6bb7d64c59f0b80a94f94ea2fa5 .av-image-caption-overlay-center{\ncolor:#ffffff;\n}\n<\/style>\n<div  class='avia-image-container av-k1v2su41-eda9d6bb7d64c59f0b80a94f94ea2fa5 av-styling- avia-align-center  avia-builder-el-9  el_before_av_textblock  avia-builder-el-first '   itemprop=\"image\" itemscope=\"itemscope\" itemtype=\"https:\/\/schema.org\/ImageObject\" ><div class=\"avia-image-container-inner\"><div class=\"avia-image-overlay-wrap\"><img decoding=\"async\" fetchpriority=\"high\" class='wp-image-728 avia-img-lazy-loading-not-728 avia_image ' src=\"https:\/\/www.globaldesire.de\/wp-content\/uploads\/2019\/10\/Kontakt_Adresse.png\" alt='' title='Kontakt_Adresse'  height=\"90\" width=\"90\"  itemprop=\"thumbnailUrl\" srcset=\"https:\/\/www.globaldesire.de\/wp-content\/uploads\/2019\/10\/Kontakt_Adresse.png 90w, https:\/\/www.globaldesire.de\/wp-content\/uploads\/2019\/10\/Kontakt_Adresse-80x80.png 80w, https:\/\/www.globaldesire.de\/wp-content\/uploads\/2019\/10\/Kontakt_Adresse-36x36.png 36w\" sizes=\"(max-width: 90px) 100vw, 90px\" \/><\/div><\/div><\/div><br \/>\n<section  class='av_textblock_section av-k0xj0h49-4faecd24acc51b12a62c2e01e88a1eb2 '   itemscope=\"itemscope\" itemtype=\"https:\/\/schema.org\/CreativeWork\" ><div class='avia_textblock'  itemprop=\"text\" ><p style=\"text-align: center;\">Salzschlirfer Stra\u00dfe 4<br \/>\nD-60386 Frankfurt am Main<\/p>\n<\/div><\/section><\/p><\/div>\n<style type=\"text\/css\" data-created_by=\"avia_inline_auto\" id=\"style-css-av-2b2j2-ccd524f0f8e62c897cba5c17aabb95b2\">\n.flex_column.av-2b2j2-ccd524f0f8e62c897cba5c17aabb95b2{\nborder-radius:0px 0px 0px 0px;\npadding:0px 0px 0px 0px;\n}\n<\/style>\n<div  class='flex_column av-2b2j2-ccd524f0f8e62c897cba5c17aabb95b2 av_one_fourth  avia-builder-el-11  el_after_av_one_fourth  el_before_av_one_fourth  flex_column_div av-zero-column-padding  column-top-margin'     ><p>\n<style type=\"text\/css\" data-created_by=\"avia_inline_auto\" id=\"style-css-av-k1v2su41-aaa12abd5400eee721be9a7a6eebc316\">\n.avia-image-container.av-k1v2su41-aaa12abd5400eee721be9a7a6eebc316 img.avia_image{\nbox-shadow:none;\n}\n.avia-image-container.av-k1v2su41-aaa12abd5400eee721be9a7a6eebc316 .av-image-caption-overlay-center{\ncolor:#ffffff;\n}\n<\/style>\n<div  class='avia-image-container av-k1v2su41-aaa12abd5400eee721be9a7a6eebc316 av-styling- avia-align-center  avia-builder-el-12  el_before_av_textblock  avia-builder-el-first '   itemprop=\"image\" itemscope=\"itemscope\" itemtype=\"https:\/\/schema.org\/ImageObject\" ><div class=\"avia-image-container-inner\"><div class=\"avia-image-overlay-wrap\"><img decoding=\"async\" fetchpriority=\"high\" class='wp-image-731 avia-img-lazy-loading-not-731 avia_image ' src=\"https:\/\/www.globaldesire.de\/wp-content\/uploads\/2019\/10\/Kontakt_Telefon.png\" alt='' title='Kontakt_Telefon'  height=\"90\" width=\"90\"  itemprop=\"thumbnailUrl\" srcset=\"https:\/\/www.globaldesire.de\/wp-content\/uploads\/2019\/10\/Kontakt_Telefon.png 90w, https:\/\/www.globaldesire.de\/wp-content\/uploads\/2019\/10\/Kontakt_Telefon-80x80.png 80w, https:\/\/www.globaldesire.de\/wp-content\/uploads\/2019\/10\/Kontakt_Telefon-36x36.png 36w\" sizes=\"(max-width: 90px) 100vw, 90px\" \/><\/div><\/div><\/div><br \/>\n<section  class='av_textblock_section av-k0xj0h49-4faecd24acc51b12a62c2e01e88a1eb2 '   itemscope=\"itemscope\" itemtype=\"https:\/\/schema.org\/CreativeWork\" ><div class='avia_textblock'  itemprop=\"text\" ><p style=\"text-align: center;\">+49 69 660 5577 30<\/p>\n<\/div><\/section><\/p><\/div>\n<style type=\"text\/css\" data-created_by=\"avia_inline_auto\" id=\"style-css-av-1hcxi-6c767f343f82991c08e3c9b4959b658b\">\n.flex_column.av-1hcxi-6c767f343f82991c08e3c9b4959b658b{\nborder-radius:0px 0px 0px 0px;\npadding:0px 0px 0px 0px;\n}\n<\/style>\n<div  class='flex_column av-1hcxi-6c767f343f82991c08e3c9b4959b658b av_one_fourth  avia-builder-el-14  el_after_av_one_fourth  el_before_av_one_fourth  flex_column_div av-zero-column-padding  column-top-margin'     ><p>\n<style type=\"text\/css\" data-created_by=\"avia_inline_auto\" id=\"style-css-av-k1v2su41-6232bf490b9d23bcff1205962cf5e8cc\">\n.avia-image-container.av-k1v2su41-6232bf490b9d23bcff1205962cf5e8cc img.avia_image{\nbox-shadow:none;\n}\n.avia-image-container.av-k1v2su41-6232bf490b9d23bcff1205962cf5e8cc .av-image-caption-overlay-center{\ncolor:#ffffff;\n}\n<\/style>\n<div  class='avia-image-container av-k1v2su41-6232bf490b9d23bcff1205962cf5e8cc av-styling- avia-align-center  avia-builder-el-15  el_before_av_textblock  avia-builder-el-first '   itemprop=\"image\" itemscope=\"itemscope\" itemtype=\"https:\/\/schema.org\/ImageObject\" ><div class=\"avia-image-container-inner\"><div class=\"avia-image-overlay-wrap\"><img decoding=\"async\" fetchpriority=\"high\" class='wp-image-732 avia-img-lazy-loading-not-732 avia_image ' src=\"https:\/\/www.globaldesire.de\/wp-content\/uploads\/2019\/10\/Kontakt_Website.png\" alt='' title='Kontakt_Website'  height=\"90\" width=\"90\"  itemprop=\"thumbnailUrl\" srcset=\"https:\/\/www.globaldesire.de\/wp-content\/uploads\/2019\/10\/Kontakt_Website.png 90w, https:\/\/www.globaldesire.de\/wp-content\/uploads\/2019\/10\/Kontakt_Website-80x80.png 80w, https:\/\/www.globaldesire.de\/wp-content\/uploads\/2019\/10\/Kontakt_Website-36x36.png 36w\" sizes=\"(max-width: 90px) 100vw, 90px\" \/><\/div><\/div><\/div><br \/>\n<section  class='av_textblock_section av-k0xj0h49-6906be82a58a1bb5560767c6aba8843e '   itemscope=\"itemscope\" itemtype=\"https:\/\/schema.org\/CreativeWork\" ><div class='avia_textblock'  itemprop=\"text\" ><p style=\"text-align: center;\"><a href=\"mailto:hello@globaldesire.de\">hello@globaldesire.de<\/a><\/p>\n<\/div><\/section><\/p><\/div>\n<style type=\"text\/css\" data-created_by=\"avia_inline_auto\" id=\"style-css-av-p2py-7f08e0e9323a489105dae0ff59186056\">\n.flex_column.av-p2py-7f08e0e9323a489105dae0ff59186056{\nborder-radius:0px 0px 0px 0px;\npadding:0px 0px 0px 0px;\n}\n<\/style>\n<div  class='flex_column av-p2py-7f08e0e9323a489105dae0ff59186056 av_one_fourth  avia-builder-el-17  el_after_av_one_fourth  avia-builder-el-last  flex_column_div av-zero-column-padding  column-top-margin'     ><p>\n<style type=\"text\/css\" data-created_by=\"avia_inline_auto\" id=\"style-css-av-k1v2su41-e8b62d8f70436727fd4e502523d57187\">\n.avia-image-container.av-k1v2su41-e8b62d8f70436727fd4e502523d57187 img.avia_image{\nbox-shadow:none;\n}\n.avia-image-container.av-k1v2su41-e8b62d8f70436727fd4e502523d57187 .av-image-caption-overlay-center{\ncolor:#ffffff;\n}\n<\/style>\n<div  class='avia-image-container av-k1v2su41-e8b62d8f70436727fd4e502523d57187 av-styling- avia-align-center  avia-builder-el-18  el_before_av_textblock  avia-builder-el-first '   itemprop=\"image\" itemscope=\"itemscope\" itemtype=\"https:\/\/schema.org\/ImageObject\" ><div class=\"avia-image-container-inner\"><div class=\"avia-image-overlay-wrap\"><img decoding=\"async\" fetchpriority=\"high\" class='wp-image-730 avia-img-lazy-loading-not-730 avia_image ' src=\"https:\/\/www.globaldesire.de\/wp-content\/uploads\/2019\/10\/Kontakt_Social-Media.png\" alt='' title='Kontakt_Social-Media'  height=\"90\" width=\"90\"  itemprop=\"thumbnailUrl\" srcset=\"https:\/\/www.globaldesire.de\/wp-content\/uploads\/2019\/10\/Kontakt_Social-Media.png 90w, https:\/\/www.globaldesire.de\/wp-content\/uploads\/2019\/10\/Kontakt_Social-Media-80x80.png 80w, https:\/\/www.globaldesire.de\/wp-content\/uploads\/2019\/10\/Kontakt_Social-Media-36x36.png 36w\" sizes=\"(max-width: 90px) 100vw, 90px\" \/><\/div><\/div><\/div><br \/>\n<section  class='av_textblock_section av-k0xj0h49-6906be82a58a1bb5560767c6aba8843e '   itemscope=\"itemscope\" itemtype=\"https:\/\/schema.org\/CreativeWork\" ><div class='avia_textblock'  itemprop=\"text\" ><p style=\"text-align: center;\">global_desire<\/p>\n<\/div><\/section><\/p><\/div>\n","protected":false},"excerpt":{"rendered":"","protected":false},"author":1,"featured_media":0,"parent":0,"menu_order":0,"comment_status":"closed","ping_status":"closed","template":"","meta":{"_joinchat":[],"footnotes":""},"class_list":["post-26","page","type-page","status-publish","hentry"],"yoast_head":"<!-- This site is optimized with the Yoast SEO plugin v24.9 - https:\/\/yoast.com\/wordpress\/plugins\/seo\/ -->\n<title>Kontakt | global desire. EVENTMANUFAKTUR<\/title>\n<meta name=\"description\" content=\"Gerne beraten wir Sie bei der Planung Ihrer Veranstaltung und bei der Auswahl geeigneter M\u00f6bel und Dekorationen. Schreiben Sie uns und wir erstellen Ihnen gerne ein pers\u00f6nliches Angebot.\" \/>\n<meta name=\"robots\" content=\"index, follow, max-snippet:-1, max-image-preview:large, max-video-preview:-1\" \/>\n<link rel=\"canonical\" href=\"https:\/\/www.globaldesire.de\/de\/kontakt\/\" \/>\n<meta property=\"og:locale\" content=\"de_DE\" \/>\n<meta property=\"og:type\" content=\"article\" \/>\n<meta property=\"og:title\" content=\"Kontakt | global desire. EVENTMANUFAKTUR\" \/>\n<meta property=\"og:description\" content=\"Gerne beraten wir Sie bei der Planung Ihrer Veranstaltung und bei der Auswahl geeigneter M\u00f6bel und Dekorationen. Schreiben Sie uns und wir erstellen Ihnen gerne ein pers\u00f6nliches Angebot.\" \/>\n<meta property=\"og:url\" content=\"https:\/\/www.globaldesire.de\/de\/kontakt\/\" \/>\n<meta property=\"og:site_name\" content=\"global desire. EVENTMANUFAKTUR\" \/>\n<meta property=\"article:modified_time\" content=\"2023-09-19T16:12:03+00:00\" \/>\n<meta name=\"twitter:card\" content=\"summary_large_image\" \/>\n<meta name=\"twitter:label1\" content=\"Gesch\u00e4tzte Lesezeit\" \/>\n\t<meta name=\"twitter:data1\" content=\"8\u00a0Minuten\" \/>\n<script type=\"application\/ld+json\" class=\"yoast-schema-graph\">{\"@context\":\"https:\/\/schema.org\",\"@graph\":[{\"@type\":\"WebPage\",\"@id\":\"https:\/\/www.globaldesire.de\/de\/kontakt\/\",\"url\":\"https:\/\/www.globaldesire.de\/de\/kontakt\/\",\"name\":\"Kontakt | global desire. EVENTMANUFAKTUR\",\"isPartOf\":{\"@id\":\"https:\/\/www.globaldesire.de\/de\/#website\"},\"datePublished\":\"2019-06-29T08:44:25+00:00\",\"dateModified\":\"2023-09-19T16:12:03+00:00\",\"description\":\"Gerne beraten wir Sie bei der Planung Ihrer Veranstaltung und bei der Auswahl geeigneter M\u00f6bel und Dekorationen. Schreiben Sie uns und wir erstellen Ihnen gerne ein pers\u00f6nliches Angebot.\",\"breadcrumb\":{\"@id\":\"https:\/\/www.globaldesire.de\/de\/kontakt\/#breadcrumb\"},\"inLanguage\":\"de\",\"potentialAction\":[{\"@type\":\"ReadAction\",\"target\":[\"https:\/\/www.globaldesire.de\/de\/kontakt\/\"]}]},{\"@type\":\"BreadcrumbList\",\"@id\":\"https:\/\/www.globaldesire.de\/de\/kontakt\/#breadcrumb\",\"itemListElement\":[{\"@type\":\"ListItem\",\"position\":1,\"name\":\"Startseite\",\"item\":\"https:\/\/www.globaldesire.de\/de\/\"},{\"@type\":\"ListItem\",\"position\":2,\"name\":\"Kontakt\"}]},{\"@type\":\"WebSite\",\"@id\":\"https:\/\/www.globaldesire.de\/de\/#website\",\"url\":\"https:\/\/www.globaldesire.de\/de\/\",\"name\":\"global desire. EVENTMANUFAKTUR\",\"description\":\"global desire. EVENTMANUFAKTUR\",\"potentialAction\":[{\"@type\":\"SearchAction\",\"target\":{\"@type\":\"EntryPoint\",\"urlTemplate\":\"https:\/\/www.globaldesire.de\/de\/?s={search_term_string}\"},\"query-input\":{\"@type\":\"PropertyValueSpecification\",\"valueRequired\":true,\"valueName\":\"search_term_string\"}}],\"inLanguage\":\"de\"}]}<\/script>\n<!-- \/ Yoast SEO plugin. -->","yoast_head_json":{"title":"Kontakt | global desire. EVENTMANUFAKTUR","description":"Gerne beraten wir Sie bei der Planung Ihrer Veranstaltung und bei der Auswahl geeigneter M\u00f6bel und Dekorationen. Schreiben Sie uns und wir erstellen Ihnen gerne ein pers\u00f6nliches Angebot.","robots":{"index":"index","follow":"follow","max-snippet":"max-snippet:-1","max-image-preview":"max-image-preview:large","max-video-preview":"max-video-preview:-1"},"canonical":"https:\/\/www.globaldesire.de\/de\/kontakt\/","og_locale":"de_DE","og_type":"article","og_title":"Kontakt | global desire. EVENTMANUFAKTUR","og_description":"Gerne beraten wir Sie bei der Planung Ihrer Veranstaltung und bei der Auswahl geeigneter M\u00f6bel und Dekorationen. Schreiben Sie uns und wir erstellen Ihnen gerne ein pers\u00f6nliches Angebot.","og_url":"https:\/\/www.globaldesire.de\/de\/kontakt\/","og_site_name":"global desire. EVENTMANUFAKTUR","article_modified_time":"2023-09-19T16:12:03+00:00","twitter_card":"summary_large_image","twitter_misc":{"Gesch\u00e4tzte Lesezeit":"8\u00a0Minuten"},"schema":{"@context":"https:\/\/schema.org","@graph":[{"@type":"WebPage","@id":"https:\/\/www.globaldesire.de\/de\/kontakt\/","url":"https:\/\/www.globaldesire.de\/de\/kontakt\/","name":"Kontakt | global desire. EVENTMANUFAKTUR","isPartOf":{"@id":"https:\/\/www.globaldesire.de\/de\/#website"},"datePublished":"2019-06-29T08:44:25+00:00","dateModified":"2023-09-19T16:12:03+00:00","description":"Gerne beraten wir Sie bei der Planung Ihrer Veranstaltung und bei der Auswahl geeigneter M\u00f6bel und Dekorationen. Schreiben Sie uns und wir erstellen Ihnen gerne ein pers\u00f6nliches Angebot.","breadcrumb":{"@id":"https:\/\/www.globaldesire.de\/de\/kontakt\/#breadcrumb"},"inLanguage":"de","potentialAction":[{"@type":"ReadAction","target":["https:\/\/www.globaldesire.de\/de\/kontakt\/"]}]},{"@type":"BreadcrumbList","@id":"https:\/\/www.globaldesire.de\/de\/kontakt\/#breadcrumb","itemListElement":[{"@type":"ListItem","position":1,"name":"Startseite","item":"https:\/\/www.globaldesire.de\/de\/"},{"@type":"ListItem","position":2,"name":"Kontakt"}]},{"@type":"WebSite","@id":"https:\/\/www.globaldesire.de\/de\/#website","url":"https:\/\/www.globaldesire.de\/de\/","name":"global desire. EVENTMANUFAKTUR","description":"global desire. EVENTMANUFAKTUR","potentialAction":[{"@type":"SearchAction","target":{"@type":"EntryPoint","urlTemplate":"https:\/\/www.globaldesire.de\/de\/?s={search_term_string}"},"query-input":{"@type":"PropertyValueSpecification","valueRequired":true,"valueName":"search_term_string"}}],"inLanguage":"de"}]}},"_links":{"self":[{"href":"https:\/\/www.globaldesire.de\/de\/wp-json\/wp\/v2\/pages\/26","targetHints":{"allow":["GET"]}}],"collection":[{"href":"https:\/\/www.globaldesire.de\/de\/wp-json\/wp\/v2\/pages"}],"about":[{"href":"https:\/\/www.globaldesire.de\/de\/wp-json\/wp\/v2\/types\/page"}],"author":[{"embeddable":true,"href":"https:\/\/www.globaldesire.de\/de\/wp-json\/wp\/v2\/users\/1"}],"replies":[{"embeddable":true,"href":"https:\/\/www.globaldesire.de\/de\/wp-json\/wp\/v2\/comments?post=26"}],"version-history":[{"count":35,"href":"https:\/\/www.globaldesire.de\/de\/wp-json\/wp\/v2\/pages\/26\/revisions"}],"predecessor-version":[{"id":3670,"href":"https:\/\/www.globaldesire.de\/de\/wp-json\/wp\/v2\/pages\/26\/revisions\/3670"}],"wp:attachment":[{"href":"https:\/\/www.globaldesire.de\/de\/wp-json\/wp\/v2\/media?parent=26"}],"curies":[{"name":"wp","href":"https:\/\/api.w.org\/{rel}","templated":true}]}}